{"id":984,"date":"2024-11-16T07:10:10","date_gmt":"2024-11-16T07:10:10","guid":{"rendered":"https:\/\/melisalopeztranslations.com\/?page_id=984"},"modified":"2024-11-16T07:10:17","modified_gmt":"2024-11-16T07:10:17","slug":"preguntas-frecuentes","status":"publish","type":"page","link":"https:\/\/melisalopeztranslations.com\/en\/preguntas-frecuentes\/","title":{"rendered":"Frequently asked questions"},"content":{"rendered":"<p>[et_pb_section fb_built=&#8221;1&#8243; _builder_version=&#8221;4.25.2&#8243; _module_preset=&#8221;default&#8221; background_image=&#8221;https:\/\/melisalopeztranslations.com\/wp-content\/uploads\/2024\/07\/Melisa-Lopez-Translations_1-scaled-1.webp&#8221; min_height=&#8221;600px&#8221; height=&#8221;600px&#8221; max_height=&#8221;600px&#8221; custom_margin=&#8221;120px||||false|false&#8221; top_divider_color=&#8221;#FFFFFF&#8221; bottom_divider_style=&#8221;wave2&#8243; bottom_divider_color=&#8221;#FFFFFF&#8221; locked=&#8221;off&#8221; global_colors_info=&#8221;{%22gcid-616d9c68-8243-4e57-b068-5c31ddba8625%22:%91%22background_color_gradient_stops%22%93,%22gcid-83829fae-15dd-48d8-8b51-6550d9eb05e1%22:%91%22background_color_gradient_stops%22%93}&#8221; theme_builder_area=&#8221;post_content&#8221;][et_pb_row _builder_version=&#8221;4.25.2&#8243; _module_preset=&#8221;default&#8221; min_height=&#8221;35%&#8221; height=&#8221;35%&#8221; max_height=&#8221;35%&#8221; global_colors_info=&#8221;{}&#8221; theme_builder_area=&#8221;post_content&#8221;][et_pb_column type=&#8221;4_4&#8243; _builder_version=&#8221;4.25.2&#8243; _module_preset=&#8221;default&#8221; global_colors_info=&#8221;{}&#8221; theme_builder_area=&#8221;post_content&#8221;][\/et_pb_column][\/et_pb_row][et_pb_row _builder_version=&#8221;4.25.2&#8243; locked=&#8221;off&#8221; global_colors_info=&#8221;{}&#8221; theme_builder_area=&#8221;post_content&#8221;][et_pb_column type=&#8221;4_4&#8243; _builder_version=&#8221;4.16&#8243; global_colors_info=&#8221;{}&#8221; theme_builder_area=&#8221;post_content&#8221;][et_pb_text _builder_version=&#8221;4.25.2&#8243; text_font=&#8221;Rubik||||||||&#8221; text_text_color=&#8221;#FFFFFF&#8221; text_font_size=&#8221;18px&#8221; text_line_height=&#8221;2em&#8221; header_font=&#8221;Rubik|700|||||||&#8221; header_text_color=&#8221;#FFFFFF&#8221; header_font_size=&#8221;54px&#8221; header_line_height=&#8221;1.3em&#8221; text_orientation=&#8221;center&#8221; max_width=&#8221;800px&#8221; module_alignment=&#8221;center&#8221; hover_enabled=&#8221;0&#8243; text_font_size_tablet=&#8221;16px&#8221; text_font_size_phone=&#8221;14px&#8221; text_font_size_last_edited=&#8221;on|phone&#8221; header_font_size_tablet=&#8221;44px&#8221; header_font_size_phone=&#8221;26px&#8221; header_font_size_last_edited=&#8221;on|phone&#8221; text_text_shadow_style=&#8221;preset3&#8243; locked=&#8221;off&#8221; global_colors_info=&#8221;{}&#8221; theme_builder_area=&#8221;post_content&#8221; sticky_enabled=&#8221;0&#8243;]<\/p>\n<h1>Preguntas frecuentes<\/h1>\n<p>[\/et_pb_text][\/et_pb_column][\/et_pb_row][\/et_pb_section][et_pb_section fb_built=&#8221;1&#8243; prev_background_color=&#8221;#ffffff&#8221; admin_label=&#8221;Services&#8221; _builder_version=&#8221;4.25.2&#8243; background_color=&#8221;gcid-83829fae-15dd-48d8-8b51-6550d9eb05e1&#8243; background_enable_image=&#8221;off&#8221; background_size=&#8221;contain&#8221; background_position=&#8221;top_right&#8221; custom_padding=&#8221;8vw||8vw||true|false&#8221; top_divider_style=&#8221;wave&#8221; bottom_divider_style=&#8221;wave&#8221; bottom_divider_color=&#8221;#FFFFFF&#8221; background_last_edited=&#8221;on|tablet&#8221; background_enable_color_tablet=&#8221;off&#8221; background_image_tablet=&#8221;https:\/\/melisalopeztranslations.com\/wp-content\/uploads\/2024\/06\/interpreter-76.png&#8221; background_enable_image_tablet=&#8221;on&#8221; background_size_tablet=&#8221;cover&#8221; background_position_tablet=&#8221;top_center&#8221; locked=&#8221;off&#8221; global_colors_info=&#8221;{%22gcid-83829fae-15dd-48d8-8b51-6550d9eb05e1%22:%91%22background_color%22%93}&#8221; title_text_tablet=&#8221;interpreter-76&#8243; theme_builder_area=&#8221;post_content&#8221;][et_pb_row column_structure=&#8221;1_2,1_2&#8243; _builder_version=&#8221;4.25.2&#8243; global_colors_info=&#8221;{}&#8221; theme_builder_area=&#8221;post_content&#8221;][et_pb_column type=&#8221;1_2&#8243; _builder_version=&#8221;4.25.2&#8243; background_enable_color=&#8221;off&#8221; custom_padding=&#8221;4vw|30px|4vw|30px|true|true&#8221; custom_padding_tablet=&#8221;30px|30px|30px|30px|true|true&#8221; custom_padding_phone=&#8221;20px|20px|20px|20px|true|true&#8221; custom_padding_last_edited=&#8221;on|phone&#8221; border_radii=&#8221;on|24px|24px|24px|24px&#8221; global_colors_info=&#8221;{%22gcid-83829fae-15dd-48d8-8b51-6550d9eb05e1%22:%91%22background_color%22%93}&#8221; theme_builder_area=&#8221;post_content&#8221;][et_pb_accordion open_toggle_background_color=&#8221;#FFFFFF&#8221; closed_toggle_background_color=&#8221;#FFFFFF&#8221; icon_color=&#8221;#f24288&#8243; use_icon_font_size=&#8221;on&#8221; _builder_version=&#8221;4.25.2&#8243; _module_preset=&#8221;default&#8221; toggle_font=&#8221;Open Sans|700|||||||&#8221; body_font=&#8221;Open Sans||||||||&#8221; body_text_color=&#8221;#121212&#8243; background_enable_color=&#8221;off&#8221; border_radii=&#8221;on|30px|30px|30px|30px&#8221; border_width_all=&#8221;0px&#8221; box_shadow_style=&#8221;preset1&#8243; global_colors_info=&#8221;{%22gcid-bfa04439-00da-4394-949c-c05489f133f9%22:%91%22icon_color%22%93,%22gcid-201798af-6c1d-4b14-b58d-2329b414acfe%22:%91%22body_text_color%22%93}&#8221; theme_builder_area=&#8221;post_content&#8221;][et_pb_accordion_item title=&#8221;\u00bfCu\u00e1l es la forma de pago?&#8221; open=&#8221;off&#8221; open_toggle_text_color=&#8221;gcid-682080ef-b0b2-4c54-9a6d-d94f4c07dcda&#8221; _builder_version=&#8221;4.25.2&#8243; _module_preset=&#8221;default&#8221; body_font=&#8221;Rubik||||||||&#8221; body_link_font=&#8221;Rubik||||||||&#8221; body_link_text_color=&#8221;#000000&#8243; background_color=&#8221;#FFFFFF&#8221; background_enable_color=&#8221;on&#8221; global_colors_info=&#8221;{%22gcid-682080ef-b0b2-4c54-9a6d-d94f4c07dcda%22:%91%22open_toggle_text_color%22,%22toggle_text_color%22,%22open_toggle_text_color%22,%22open_toggle_text_color%22,%22toggle_text_color%22%93,%22gcid-heading-color%22:%91%22toggle_text_color%22%93,%22gcid-83829fae-15dd-48d8-8b51-6550d9eb05e1%22:%91%22background_color%22%93}&#8221; toggle_text_color=&#8221;gcid-682080ef-b0b2-4c54-9a6d-d94f4c07dcda&#8221; toggle_font=&#8221;Rubik||||||||&#8221; theme_builder_area=&#8221;post_content&#8221;]<\/p>\n<p><span style=\"font-weight: 400;\">Solicito un 50% con la confirmaci\u00f3n de la traducci\u00f3n y un 50% junto con la entrega. <\/span><span style=\"font-weight: 400;\">Aceptamos transferencias bancarias en Australia o Argentina. Si est\u00e1s en Australia o en otra parte del mundo, tambi\u00e9n aceptamos Paypal y Wise.\u00a0<\/span><\/p>\n<p>[\/et_pb_accordion_item][et_pb_accordion_item title=&#8221;\u00bfEn cu\u00e1nto tiempo se entrega la traducci\u00f3n? &#8221; open_toggle_text_color=&#8221;gcid-682080ef-b0b2-4c54-9a6d-d94f4c07dcda&#8221; _builder_version=&#8221;4.25.2&#8243; _module_preset=&#8221;default&#8221; body_font=&#8221;Rubik||||||||&#8221; body_link_font=&#8221;Rubik||||||||&#8221; body_link_text_color=&#8221;#000000&#8243; background_color=&#8221;#FFFFFF&#8221; background_enable_color=&#8221;on&#8221; global_colors_info=&#8221;{%22gcid-682080ef-b0b2-4c54-9a6d-d94f4c07dcda%22:%91%22open_toggle_text_color%22,%22toggle_text_color%22,%22open_toggle_text_color%22,%22open_toggle_text_color%22,%22toggle_text_color%22%93,%22gcid-heading-color%22:%91%22toggle_text_color%22%93,%22gcid-83829fae-15dd-48d8-8b51-6550d9eb05e1%22:%91%22background_color%22%93}&#8221; toggle_text_color=&#8221;gcid-682080ef-b0b2-4c54-9a6d-d94f4c07dcda&#8221; toggle_font=&#8221;Rubik||||||||&#8221; theme_builder_area=&#8221;post_content&#8221; open=&#8221;off&#8221;]<\/p>\n<p><span style=\"font-weight: 400;\">Lo antes que podamos. La fecha de entrega depende del tipo de traducci\u00f3n, la cantidad de palabras o p\u00e1ginas, entre otros factores. En general, entregamos entre 2 y 4 d\u00edas laborales una vez recibido el pago de confirmaci\u00f3n. <\/span><\/p>\n<p>[\/et_pb_accordion_item][et_pb_accordion_item title=&#8221;\u00bfPueden traducir mis documentos con URGENCIA?&#8221; open_toggle_text_color=&#8221;gcid-682080ef-b0b2-4c54-9a6d-d94f4c07dcda&#8221; _builder_version=&#8221;4.25.2&#8243; _module_preset=&#8221;default&#8221; body_font=&#8221;Rubik||||||||&#8221; body_link_font=&#8221;Rubik||||||||&#8221; body_link_text_color=&#8221;#000000&#8243; background_color=&#8221;#FFFFFF&#8221; background_enable_color=&#8221;on&#8221; global_colors_info=&#8221;{%22gcid-682080ef-b0b2-4c54-9a6d-d94f4c07dcda%22:%91%22open_toggle_text_color%22,%22toggle_text_color%22,%22open_toggle_text_color%22,%22open_toggle_text_color%22,%22toggle_text_color%22%93,%22gcid-heading-color%22:%91%22toggle_text_color%22%93,%22gcid-83829fae-15dd-48d8-8b51-6550d9eb05e1%22:%91%22background_color%22%93}&#8221; toggle_text_color=&#8221;gcid-682080ef-b0b2-4c54-9a6d-d94f4c07dcda&#8221; toggle_font=&#8221;Rubik||||||||&#8221; theme_builder_area=&#8221;post_content&#8221; open=&#8221;off&#8221;]<\/p>\n<p><span style=\"font-weight: 400;\">S\u00ed. Ponemos tu necesidad primera en la lista con un <\/span><b>costo adicionaldel 15%<\/b><span style=\"font-weight: 400;\"> de la tarifa regular.\u00a0<\/span><\/p>\n<p>[\/et_pb_accordion_item][et_pb_accordion_item title=&#8221;\u00bfLas traducciones tienen vencimiento? &#8221; open_toggle_text_color=&#8221;gcid-682080ef-b0b2-4c54-9a6d-d94f4c07dcda&#8221; _builder_version=&#8221;4.25.2&#8243; _module_preset=&#8221;default&#8221; body_font=&#8221;Rubik||||||||&#8221; body_link_font=&#8221;Rubik||||||||&#8221; body_link_text_color=&#8221;#000000&#8243; background_color=&#8221;#FFFFFF&#8221; background_enable_color=&#8221;on&#8221; global_colors_info=&#8221;{%22gcid-682080ef-b0b2-4c54-9a6d-d94f4c07dcda%22:%91%22open_toggle_text_color%22,%22toggle_text_color%22,%22open_toggle_text_color%22,%22open_toggle_text_color%22,%22toggle_text_color%22%93,%22gcid-heading-color%22:%91%22toggle_text_color%22%93,%22gcid-83829fae-15dd-48d8-8b51-6550d9eb05e1%22:%91%22background_color%22%93}&#8221; toggle_text_color=&#8221;gcid-682080ef-b0b2-4c54-9a6d-d94f4c07dcda&#8221; toggle_font=&#8221;Rubik||||||||&#8221; theme_builder_area=&#8221;post_content&#8221; open=&#8221;on&#8221;]<\/p>\n<p><span style=\"font-weight: 400;\">No. Las traducciones p\u00fablicas no tienen vencimiento. El sello del traductor certificado tiene vencimiento, ya que el traductor se debe mantener en continuo desarrollo profesional y la licencia se renueva cada tres a\u00f1os. Sin embargo, esto no afecta la validez de la traducci\u00f3n.<\/span><\/p>\n<p>[\/et_pb_accordion_item][et_pb_accordion_item title=&#8221;\u00bfEl sello digital y f\u00edsico tienen la misma validez?&#8221; open_toggle_text_color=&#8221;gcid-682080ef-b0b2-4c54-9a6d-d94f4c07dcda&#8221; _builder_version=&#8221;4.25.2&#8243; _module_preset=&#8221;default&#8221; body_font=&#8221;Rubik||||||||&#8221; body_link_font=&#8221;Rubik||||||||&#8221; body_link_text_color=&#8221;#000000&#8243; background_color=&#8221;#FFFFFF&#8221; background_enable_color=&#8221;on&#8221; global_colors_info=&#8221;{%22gcid-682080ef-b0b2-4c54-9a6d-d94f4c07dcda%22:%91%22open_toggle_text_color%22,%22toggle_text_color%22,%22open_toggle_text_color%22,%22open_toggle_text_color%22,%22toggle_text_color%22%93,%22gcid-heading-color%22:%91%22toggle_text_color%22%93,%22gcid-83829fae-15dd-48d8-8b51-6550d9eb05e1%22:%91%22background_color%22%93}&#8221; toggle_text_color=&#8221;gcid-682080ef-b0b2-4c54-9a6d-d94f4c07dcda&#8221; toggle_font=&#8221;Rubik||||||||&#8221; theme_builder_area=&#8221;post_content&#8221; open=&#8221;off&#8221;]<\/p>\n<p><span style=\"font-weight: 400;\">El sello digital y el sello de tinta tienen la misma validez. Los traductores NAATI que trabajan conmigo tienen habilitados ambos sellos.\u00a0<\/span><\/p>\n<p>[\/et_pb_accordion_item][\/et_pb_accordion][\/et_pb_column][et_pb_column type=&#8221;1_2&#8243; _builder_version=&#8221;4.25.2&#8243; background_enable_color=&#8221;off&#8221; custom_padding=&#8221;4vw|30px|4vw|30px|true|true&#8221; custom_padding_tablet=&#8221;30px|30px|30px|30px|true|true&#8221; custom_padding_phone=&#8221;20px|20px|20px|20px|true|true&#8221; custom_padding_last_edited=&#8221;on|phone&#8221; border_radii=&#8221;on|24px|24px|24px|24px&#8221; global_colors_info=&#8221;{%22gcid-83829fae-15dd-48d8-8b51-6550d9eb05e1%22:%91%22background_color%22%93}&#8221; theme_builder_area=&#8221;post_content&#8221;][et_pb_accordion open_toggle_background_color=&#8221;#FFFFFF&#8221; closed_toggle_background_color=&#8221;#FFFFFF&#8221; icon_color=&#8221;#f24288&#8243; use_icon_font_size=&#8221;on&#8221; _builder_version=&#8221;4.25.2&#8243; _module_preset=&#8221;default&#8221; toggle_font=&#8221;Open Sans|700|||||||&#8221; body_font=&#8221;Open Sans||||||||&#8221; body_text_color=&#8221;#121212&#8243; background_enable_color=&#8221;off&#8221; border_radii=&#8221;on|30px|30px|30px|30px&#8221; border_width_all=&#8221;0px&#8221; box_shadow_style=&#8221;preset1&#8243; global_colors_info=&#8221;{%22gcid-bfa04439-00da-4394-949c-c05489f133f9%22:%91%22icon_color%22%93,%22gcid-201798af-6c1d-4b14-b58d-2329b414acfe%22:%91%22body_text_color%22%93}&#8221; theme_builder_area=&#8221;post_content&#8221;][et_pb_accordion_item title=&#8221;\u00bfPueden enviarme la traducci\u00f3n por correo postal? &#8221; open=&#8221;off&#8221; open_toggle_text_color=&#8221;gcid-682080ef-b0b2-4c54-9a6d-d94f4c07dcda&#8221; _builder_version=&#8221;4.25.2&#8243; _module_preset=&#8221;default&#8221; body_font=&#8221;Rubik||||||||&#8221; body_link_font=&#8221;Rubik||||||||&#8221; body_link_text_color=&#8221;#000000&#8243; background_color=&#8221;#FFFFFF&#8221; background_enable_color=&#8221;on&#8221; global_colors_info=&#8221;{%22gcid-682080ef-b0b2-4c54-9a6d-d94f4c07dcda%22:%91%22open_toggle_text_color%22,%22toggle_text_color%22,%22open_toggle_text_color%22,%22open_toggle_text_color%22,%22toggle_text_color%22,%22open_toggle_text_color%22%93,%22gcid-heading-color%22:%91%22toggle_text_color%22,%22toggle_text_color%22%93}&#8221; toggle_text_color=&#8221;gcid-682080ef-b0b2-4c54-9a6d-d94f4c07dcda&#8221; toggle_font=&#8221;Rubik||||||||&#8221; theme_builder_area=&#8221;post_content&#8221;]<\/p>\n<p><span style=\"font-weight: 400;\">S\u00ed. Realizamos env\u00edos por correo postal a toda Australia, pero lo tienes que informar junto con la confirmaci\u00f3n. El costo del env\u00edo no est\u00e1 incluido en el precio del servicio, por lo que deber\u00e1s abonarlo aparte, y var\u00eda dependiendo de tu domicilio. Ten en cuenta que siempre enviamos primero una copia digital de la traducci\u00f3n.<\/span><\/p>\n<p>[\/et_pb_accordion_item][et_pb_accordion_item title=&#8221;\u00bfPueden enviarme la traducci\u00f3n por correo postal?&#8221; open_toggle_text_color=&#8221;gcid-682080ef-b0b2-4c54-9a6d-d94f4c07dcda&#8221; _builder_version=&#8221;4.25.2&#8243; _module_preset=&#8221;default&#8221; body_font=&#8221;Rubik||||||||&#8221; body_link_font=&#8221;Rubik||||||||&#8221; body_link_text_color=&#8221;#000000&#8243; background_color=&#8221;#FFFFFF&#8221; background_enable_color=&#8221;on&#8221; global_colors_info=&#8221;{%22gcid-682080ef-b0b2-4c54-9a6d-d94f4c07dcda%22:%91%22open_toggle_text_color%22,%22toggle_text_color%22,%22open_toggle_text_color%22,%22open_toggle_text_color%22,%22toggle_text_color%22%93,%22gcid-heading-color%22:%91%22toggle_text_color%22%93,%22gcid-83829fae-15dd-48d8-8b51-6550d9eb05e1%22:%91%22background_color%22%93}&#8221; toggle_text_color=&#8221;gcid-682080ef-b0b2-4c54-9a6d-d94f4c07dcda&#8221; toggle_font=&#8221;Rubik||||||||&#8221; theme_builder_area=&#8221;post_content&#8221; open=&#8221;off&#8221;]<\/p>\n<p>S\u00ed. Realizamos env\u00edos por correo postal a toda Australia. El costo del env\u00edo no est\u00e1 incluido en el precio del servicio, por lo que el cliente deber\u00e1 abonarlo aparte, y var\u00eda dependiendo de su domicilio. Ten en cuenta que siempre enviamos primero una copia digital de la traducci\u00f3n.<\/p>\n<p>[\/et_pb_accordion_item][et_pb_accordion_item title=&#8221;\u00bfLas traducciones son v\u00e1lidas en toda Australia? &#8221; open_toggle_text_color=&#8221;gcid-682080ef-b0b2-4c54-9a6d-d94f4c07dcda&#8221; _builder_version=&#8221;4.25.2&#8243; _module_preset=&#8221;default&#8221; body_font=&#8221;Rubik||||||||&#8221; body_link_font=&#8221;Rubik||||||||&#8221; body_link_text_color=&#8221;#000000&#8243; background_color=&#8221;#FFFFFF&#8221; background_enable_color=&#8221;on&#8221; global_colors_info=&#8221;{%22gcid-682080ef-b0b2-4c54-9a6d-d94f4c07dcda%22:%91%22open_toggle_text_color%22,%22toggle_text_color%22,%22open_toggle_text_color%22,%22open_toggle_text_color%22,%22toggle_text_color%22%93,%22gcid-heading-color%22:%91%22toggle_text_color%22%93,%22gcid-83829fae-15dd-48d8-8b51-6550d9eb05e1%22:%91%22background_color%22%93}&#8221; toggle_text_color=&#8221;gcid-682080ef-b0b2-4c54-9a6d-d94f4c07dcda&#8221; toggle_font=&#8221;Rubik||||||||&#8221; theme_builder_area=&#8221;post_content&#8221; open=&#8221;on&#8221;]<\/p>\n<p><span style=\"font-weight: 400;\">S\u00ed. Todas las autoridades australianas siguen las mismas normas estrictas en cuanto a los documentos traducidos. Entregamos las traducciones con todos los requisitos que solicitan dichas autoridades. Cada uno de los traductores de NAATI con los que trabajamos entiende y conoce los requisitos y normativas de cumplimiento. Adem\u00e1s, nuestros traductores tienen sus firmas y sellos registrados en los organismos gubernamentales y profesionales para garantizar\u00a0 que tus traducciones sean v\u00e1lidas.<\/span><\/p>\n<p>[\/et_pb_accordion_item][et_pb_accordion_item title=&#8221;\u00bfSe mantiene la confidencialidad de la informaci\u00f3n?&#8221; open_toggle_text_color=&#8221;gcid-682080ef-b0b2-4c54-9a6d-d94f4c07dcda&#8221; _builder_version=&#8221;4.25.2&#8243; _module_preset=&#8221;default&#8221; body_font=&#8221;Rubik||||||||&#8221; body_link_font=&#8221;Rubik||||||||&#8221; body_link_text_color=&#8221;#000000&#8243; background_color=&#8221;#FFFFFF&#8221; background_enable_color=&#8221;on&#8221; global_colors_info=&#8221;{%22gcid-682080ef-b0b2-4c54-9a6d-d94f4c07dcda%22:%91%22open_toggle_text_color%22,%22toggle_text_color%22,%22open_toggle_text_color%22,%22open_toggle_text_color%22,%22toggle_text_color%22%93,%22gcid-heading-color%22:%91%22toggle_text_color%22%93,%22gcid-83829fae-15dd-48d8-8b51-6550d9eb05e1%22:%91%22background_color%22%93}&#8221; toggle_text_color=&#8221;gcid-682080ef-b0b2-4c54-9a6d-d94f4c07dcda&#8221; toggle_font=&#8221;Rubik||||||||&#8221; theme_builder_area=&#8221;post_content&#8221; open=&#8221;off&#8221;]<\/p>\n<p><span style=\"font-weight: 400;\">Por supuesto. Como lo hace un m\u00e9dico o un abogado. De acuerdo con el C\u00f3digo de \u00c9tica de la Asociaci\u00f3n Australiana de Int\u00e9rpretes y Traductores (AUSIT, sigla en ingl\u00e9s de <\/span><i><span style=\"font-weight: 400;\">Australian Institute of Interpreters &amp; Translators<\/span><\/i><span style=\"font-weight: 400;\">), los traductores profesionales estamos obligados a mantener en confidencialidad la informaci\u00f3n privada de nuestros clientes.<\/span><\/p>\n<p>[\/et_pb_accordion_item][et_pb_accordion_item title=&#8221;Luego del sello NAATI, \u00bfes necesaria alguna otro tr\u00e1mite de legalizaci\u00f3n o certificaci\u00f3nadicional? &#8221; open_toggle_text_color=&#8221;gcid-682080ef-b0b2-4c54-9a6d-d94f4c07dcda&#8221; _builder_version=&#8221;4.25.2&#8243; _module_preset=&#8221;default&#8221; body_font=&#8221;Rubik||||||||&#8221; body_link_font=&#8221;Rubik||||||||&#8221; body_link_text_color=&#8221;#000000&#8243; background_color=&#8221;#FFFFFF&#8221; background_enable_color=&#8221;on&#8221; global_colors_info=&#8221;{%22gcid-682080ef-b0b2-4c54-9a6d-d94f4c07dcda%22:%91%22open_toggle_text_color%22,%22toggle_text_color%22,%22open_toggle_text_color%22,%22open_toggle_text_color%22,%22toggle_text_color%22%93,%22gcid-heading-color%22:%91%22toggle_text_color%22%93,%22gcid-83829fae-15dd-48d8-8b51-6550d9eb05e1%22:%91%22background_color%22%93}&#8221; toggle_text_color=&#8221;gcid-682080ef-b0b2-4c54-9a6d-d94f4c07dcda&#8221; toggle_font=&#8221;Rubik||||||||&#8221; theme_builder_area=&#8221;post_content&#8221; open=&#8221;off&#8221;]<\/p>\n<p><span style=\"font-weight: 400;\">No. El sello del traductor NAATI no requiere ning\u00fan otro tr\u00e1mite. Las traducciones que te entregamos son los documentos finales, listos para utilizarse.<\/span><\/p>\n<p>[\/et_pb_accordion_item][\/et_pb_accordion][\/et_pb_column][\/et_pb_row][\/et_pb_section]<\/p>\n","protected":false},"excerpt":{"rendered":"<p>Preguntas frecuentesSolicito un 50% con la confirmaci\u00f3n de la traducci\u00f3n y un 50% junto con la entrega. Aceptamos transferencias bancarias en Australia o Argentina. Si est\u00e1s en Australia o en otra parte del mundo, tambi\u00e9n aceptamos Paypal y Wise.\u00a0Lo antes que podamos. La fecha de entrega depende del tipo de traducci\u00f3n, la cantidad de palabras [&hellip;]<\/p>\n","protected":false},"author":2,"featured_media":0,"parent":0,"menu_order":0,"comment_status":"closed","ping_status":"closed","template":"","meta":{"_acf_changed":false,"_et_pb_use_builder":"on","_et_pb_old_content":"","_et_gb_content_width":"","footnotes":""},"class_list":["post-984","page","type-page","status-publish","hentry"],"aioseo_notices":[],"acf":[],"jetpack_sharing_enabled":true,"_links":{"self":[{"href":"https:\/\/melisalopeztranslations.com\/en\/wp-json\/wp\/v2\/pages\/984","targetHints":{"allow":["GET"]}}],"collection":[{"href":"https:\/\/melisalopeztranslations.com\/en\/wp-json\/wp\/v2\/pages"}],"about":[{"href":"https:\/\/melisalopeztranslations.com\/en\/wp-json\/wp\/v2\/types\/page"}],"author":[{"embeddable":true,"href":"https:\/\/melisalopeztranslations.com\/en\/wp-json\/wp\/v2\/users\/2"}],"replies":[{"embeddable":true,"href":"https:\/\/melisalopeztranslations.com\/en\/wp-json\/wp\/v2\/comments?post=984"}],"version-history":[{"count":4,"href":"https:\/\/melisalopeztranslations.com\/en\/wp-json\/wp\/v2\/pages\/984\/revisions"}],"predecessor-version":[{"id":989,"href":"https:\/\/melisalopeztranslations.com\/en\/wp-json\/wp\/v2\/pages\/984\/revisions\/989"}],"wp:attachment":[{"href":"https:\/\/melisalopeztranslations.com\/en\/wp-json\/wp\/v2\/media?parent=984"}],"curies":[{"name":"wp","href":"https:\/\/api.w.org\/{rel}","templated":true}]}}