{"id":17228805,"date":"2025-11-17T16:44:10","date_gmt":"2025-11-17T16:44:10","guid":{"rendered":"https:\/\/melisalopeztranslations.com\/?post_type=product&#038;p=17228805"},"modified":"2025-11-19T08:58:10","modified_gmt":"2025-11-19T08:58:10","slug":"driver-licence-licencia-de-conducir-expres","status":"publish","type":"product","link":"https:\/\/melisalopeztranslations.com\/en\/product\/driver-licence-licencia-de-conducir-expres\/","title":{"rendered":"Driver Licence \/ Licencia de Conducir (express)"},"content":{"rendered":"<p><strong>Traducci\u00f3n <\/strong>de espa\u00f1ol a ingl\u00e9s \/ ingl\u00e9s a espa\u00f1ol realizada por traductores certificados con sello NAATI (certificaci\u00f3n, nombre y n\u00famero de registro profesional, datos de vencimiento de certificaci\u00f3n y dem\u00e1s datos relevantes) <strong>de licencias de conducir de cualquier pa\u00eds.<\/strong><\/p>\n<p><strong>*Cantidad:<\/strong> Ingresa 1 por cada licencia que necesites traducir. [*Si no seleccionaste la cantidad necesaria, nos comunicaremos contigo para solicitar el pago de las p\u00e1ginas adicionales.]<\/p>\n<p><strong>Entrega: <\/strong>Expr\u00e9s de 24 a 48 horas h\u00e1biles.<\/p>\n<p>Si tienes dudas sobre este servicio, puedes solicitarnos una cotizaci\u00f3n a <strong><span style=\"color: #0000ff;\"><a style=\"color: #1a3066;\" href=\"mailto:hello@melisalopeztranslations.com\">hello@melisalopeztranslations.com<\/a><\/span><\/strong>.<\/p>\n","protected":false},"excerpt":{"rendered":"<p>Traducci\u00f3n de espa\u00f1ol a ingl\u00e9s \/ ingl\u00e9s a espa\u00f1ol realizada por traductores certificados con sello NAATI (certificaci\u00f3n, nombre y n\u00famero de registro profesional, datos de vencimiento de certificaci\u00f3n y dem\u00e1s datos relevantes) de licencias de conducir de cualquier pa\u00eds. *Cantidad: Ingresa 1 por cada licencia que necesites traducir. [*Si no seleccionaste la cantidad necesaria, nos [&hellip;]<\/p>\n","protected":false},"featured_media":17228799,"comment_status":"open","ping_status":"closed","template":"","meta":{"_acf_changed":false,"_et_pb_use_builder":"","_et_pb_old_content":"","_et_gb_content_width":""},"product_brand":[],"product_cat":[26],"product_tag":[],"class_list":{"0":"post-17228805","1":"product","2":"type-product","3":"status-publish","4":"has-post-thumbnail","6":"product_cat-traducciones","8":"first","9":"instock","10":"virtual","11":"purchasable","12":"product-type-simple"},"aioseo_notices":[],"acf":[],"jetpack_sharing_enabled":true,"_links":{"self":[{"href":"https:\/\/melisalopeztranslations.com\/en\/wp-json\/wp\/v2\/product\/17228805","targetHints":{"allow":["GET"]}}],"collection":[{"href":"https:\/\/melisalopeztranslations.com\/en\/wp-json\/wp\/v2\/product"}],"about":[{"href":"https:\/\/melisalopeztranslations.com\/en\/wp-json\/wp\/v2\/types\/product"}],"replies":[{"embeddable":true,"href":"https:\/\/melisalopeztranslations.com\/en\/wp-json\/wp\/v2\/comments?post=17228805"}],"wp:featuredmedia":[{"embeddable":true,"href":"https:\/\/melisalopeztranslations.com\/en\/wp-json\/wp\/v2\/media\/17228799"}],"wp:attachment":[{"href":"https:\/\/melisalopeztranslations.com\/en\/wp-json\/wp\/v2\/media?parent=17228805"}],"wp:term":[{"taxonomy":"product_brand","embeddable":true,"href":"https:\/\/melisalopeztranslations.com\/en\/wp-json\/wp\/v2\/product_brand?post=17228805"},{"taxonomy":"product_cat","embeddable":true,"href":"https:\/\/melisalopeztranslations.com\/en\/wp-json\/wp\/v2\/product_cat?post=17228805"},{"taxonomy":"product_tag","embeddable":true,"href":"https:\/\/melisalopeztranslations.com\/en\/wp-json\/wp\/v2\/product_tag?post=17228805"}],"curies":[{"name":"wp","href":"https:\/\/api.w.org\/{rel}","templated":true}]}}