{"id":17228806,"date":"2025-11-17T16:46:26","date_gmt":"2025-11-17T16:46:26","guid":{"rendered":"https:\/\/melisalopeztranslations.com\/?post_type=product&#038;p=17228806"},"modified":"2025-11-19T08:56:50","modified_gmt":"2025-11-19T08:56:50","slug":"identity-document-documento-de-identidad-expres","status":"publish","type":"product","link":"https:\/\/melisalopeztranslations.com\/en\/product\/identity-document-documento-de-identidad-expres\/","title":{"rendered":"Identity Document \/ Documento de Identidad (express)"},"content":{"rendered":"<p><strong>P\u00e1gina de traducci\u00f3n (de hasta 250 palabras)<\/strong> espa\u00f1ol a ingl\u00e9s \/ ingl\u00e9s a espa\u00f1ol realizada por traductores certificados con sello NAATI (certificaci\u00f3n, nombre y n\u00famero de registro profesional, datos de vencimientos de certificaci\u00f3n y dem\u00e1s datos relevantes) de los siguientes documentos:<\/p>\n<ul>\n<li>Documento Nacional de Identidad<\/li>\n<li>Carnet de Registro Profesional<\/li>\n<li>Tarjeta Militar<\/li>\n<li>Pasaporte (copia certificada | documento)<\/li>\n<\/ul>\n<p><strong>*Cantidad:<\/strong> Ingresa 1 por cada documento o p\u00e1gina de 250 palabras que necesitas traducir. [*Si no seleccionaste la cantidad necesaria, nos comunicaremos contigo para solicitar el pago de las p\u00e1ginas adicionales.]<\/p>\n<p><strong>Entrega: <\/strong>Expr\u00e9s de 24 a 48 horas h\u00e1biles.<\/p>\n<p>Si tienes dudas sobre este servicio, puedes solicitarnos una cotizaci\u00f3n a <a href=\"mailto:hello@melisalopeztranslations.com\"><span style=\"color: #1a3066;\"><strong>hello@melisalopeztranslations.com<\/strong><\/span><\/a>.<\/p>\n","protected":false},"excerpt":{"rendered":"<p>P\u00e1gina de traducci\u00f3n (de hasta 250 palabras) espa\u00f1ol a ingl\u00e9s \/ ingl\u00e9s a espa\u00f1ol realizada por traductores certificados con sello NAATI (certificaci\u00f3n, nombre y n\u00famero de registro profesional, datos de vencimientos de certificaci\u00f3n y dem\u00e1s datos relevantes) de los siguientes documentos: Documento Nacional de Identidad Carnet de Registro Profesional Tarjeta Militar Pasaporte (copia certificada | [&hellip;]<\/p>\n","protected":false},"featured_media":17228801,"comment_status":"open","ping_status":"closed","template":"","meta":{"_acf_changed":false,"_et_pb_use_builder":"on","_et_pb_old_content":"<strong>P\u00e1gina de traducci\u00f3n (de hasta 250 palabras)<\/strong> espa\u00f1ol a ingl\u00e9s \/ ingl\u00e9s a espa\u00f1ol realizada por traductores certificados con sello NAATI (certificaci\u00f3n, nombre y n\u00famero de registro profesional, datos de vencimientos de certificaci\u00f3n y dem\u00e1s datos relevantes) de los siguientes documentos:\r\n<ul>\r\n \t<li>Documento Nacional de Identidad<\/li>\r\n \t<li>Carnet de Registro Profesional<\/li>\r\n \t<li>Tarjeta Militar<\/li>\r\n \t<li>Pasaporte (copia certificada | documento)<\/li>\r\n<\/ul>\r\n<strong>*Cantidad:<\/strong> Ingresa 1 por cada documento o p\u00e1gina de 250 palabras que necesitas traducir. [*Si no seleccionaste la cantidad necesaria, nos comunicaremos contigo para solicitar el pago de las p\u00e1ginas adicionales.]\r\n\r\n<strong>Entrega: <\/strong>Expr\u00e9s de 24 a 48 horas h\u00e1biles.\r\n\r\nSi tienes dudas sobre este servicio, puedes solicitarnos una cotizaci\u00f3n a <a href=\"mailto:hello@melisalopeztranslations.com\"><span style=\"color: #1a3066;\"><strong>hello@melisalopeztranslations.com<\/strong><\/span><\/a>.","_et_gb_content_width":""},"product_brand":[],"product_cat":[26],"product_tag":[],"class_list":{"0":"post-17228806","1":"product","2":"type-product","3":"status-publish","4":"has-post-thumbnail","6":"product_cat-traducciones","8":"first","9":"instock","10":"virtual","11":"purchasable","12":"product-type-simple"},"aioseo_notices":[],"acf":[],"jetpack_sharing_enabled":true,"_links":{"self":[{"href":"https:\/\/melisalopeztranslations.com\/en\/wp-json\/wp\/v2\/product\/17228806","targetHints":{"allow":["GET"]}}],"collection":[{"href":"https:\/\/melisalopeztranslations.com\/en\/wp-json\/wp\/v2\/product"}],"about":[{"href":"https:\/\/melisalopeztranslations.com\/en\/wp-json\/wp\/v2\/types\/product"}],"replies":[{"embeddable":true,"href":"https:\/\/melisalopeztranslations.com\/en\/wp-json\/wp\/v2\/comments?post=17228806"}],"wp:featuredmedia":[{"embeddable":true,"href":"https:\/\/melisalopeztranslations.com\/en\/wp-json\/wp\/v2\/media\/17228801"}],"wp:attachment":[{"href":"https:\/\/melisalopeztranslations.com\/en\/wp-json\/wp\/v2\/media?parent=17228806"}],"wp:term":[{"taxonomy":"product_brand","embeddable":true,"href":"https:\/\/melisalopeztranslations.com\/en\/wp-json\/wp\/v2\/product_brand?post=17228806"},{"taxonomy":"product_cat","embeddable":true,"href":"https:\/\/melisalopeztranslations.com\/en\/wp-json\/wp\/v2\/product_cat?post=17228806"},{"taxonomy":"product_tag","embeddable":true,"href":"https:\/\/melisalopeztranslations.com\/en\/wp-json\/wp\/v2\/product_tag?post=17228806"}],"curies":[{"name":"wp","href":"https:\/\/api.w.org\/{rel}","templated":true}]}}