{"id":17228811,"date":"2025-11-17T17:56:52","date_gmt":"2025-11-17T17:56:52","guid":{"rendered":"https:\/\/melisalopeztranslations.com\/?post_type=product&#038;p=17228811"},"modified":"2025-11-17T18:54:12","modified_gmt":"2025-11-17T18:54:12","slug":"payslip-invoice-nomina-factura-expres","status":"publish","type":"product","link":"https:\/\/melisalopeztranslations.com\/en\/product\/payslip-invoice-nomina-factura-expres\/","title":{"rendered":"Payslip - Invoice \/ N\u00f3mina - Factura (express)"},"content":{"rendered":"<p><strong>P\u00e1gina de traducci\u00f3n <\/strong>espa\u00f1ol a ingl\u00e9s \/ ingl\u00e9s a espa\u00f1ol realizada por traductores certificados con sello NAATI (certificaci\u00f3n, nombre y n\u00famero de registro profesional, datos de vencimientos de certificaci\u00f3n y dem\u00e1s datos relevantes) de n\u00f3minas de pago o facturas de servicios.<\/p>\n<p>Se aplica <strong>10% descuento<\/strong> si necesitas traducir <strong>10 documentos o m\u00e1s<\/strong>. (C\u00f3digo de descuento: <span style=\"color: #1A3066;\"><strong>PAYSLIP10<\/strong><\/span>)<\/p>\n<p><strong>*Cantidad:<\/strong> Ingresa 1 por cada documento que necesitas traducir.<\/p>\n<p>[*Si no seleccionaste la cantidad necesaria, nos comunicaremos contigo para solicitar el pago de las p\u00e1ginas adicionales.]<\/p>\n<p><strong>Entrega: <\/strong>Expr\u00e9s 24-48 h h\u00e1biles.<\/p>\n<p>Si tienes dudas sobre este servicio, puedes solicitarnos una cotizaci\u00f3n a <a href=\"mailto:hello@melisalopeztranslations.com\"><span style=\"color: #1a3066;\"><strong>hello@melisalopeztranslations.com<\/strong><\/span><\/a>.<\/p>\n","protected":false},"excerpt":{"rendered":"<p>P\u00e1gina de traducci\u00f3n espa\u00f1ol a ingl\u00e9s \/ ingl\u00e9s a espa\u00f1ol realizada por traductores certificados con sello NAATI (certificaci\u00f3n, nombre y n\u00famero de registro profesional, datos de vencimientos de certificaci\u00f3n y dem\u00e1s datos relevantes) de n\u00f3minas de pago o facturas de servicios. Se aplica 10% descuento si necesitas traducir 10 documentos o m\u00e1s. (C\u00f3digo de descuento: [&hellip;]<\/p>\n","protected":false},"featured_media":17228802,"comment_status":"open","ping_status":"closed","template":"","meta":{"_acf_changed":false,"_et_pb_use_builder":"","_et_pb_old_content":"","_et_gb_content_width":""},"product_brand":[],"product_cat":[26],"product_tag":[],"class_list":{"0":"post-17228811","1":"product","2":"type-product","3":"status-publish","4":"has-post-thumbnail","6":"product_cat-traducciones","8":"first","9":"instock","10":"virtual","11":"purchasable","12":"product-type-simple"},"aioseo_notices":[],"acf":[],"jetpack_sharing_enabled":true,"_links":{"self":[{"href":"https:\/\/melisalopeztranslations.com\/en\/wp-json\/wp\/v2\/product\/17228811","targetHints":{"allow":["GET"]}}],"collection":[{"href":"https:\/\/melisalopeztranslations.com\/en\/wp-json\/wp\/v2\/product"}],"about":[{"href":"https:\/\/melisalopeztranslations.com\/en\/wp-json\/wp\/v2\/types\/product"}],"replies":[{"embeddable":true,"href":"https:\/\/melisalopeztranslations.com\/en\/wp-json\/wp\/v2\/comments?post=17228811"}],"wp:featuredmedia":[{"embeddable":true,"href":"https:\/\/melisalopeztranslations.com\/en\/wp-json\/wp\/v2\/media\/17228802"}],"wp:attachment":[{"href":"https:\/\/melisalopeztranslations.com\/en\/wp-json\/wp\/v2\/media?parent=17228811"}],"wp:term":[{"taxonomy":"product_brand","embeddable":true,"href":"https:\/\/melisalopeztranslations.com\/en\/wp-json\/wp\/v2\/product_brand?post=17228811"},{"taxonomy":"product_cat","embeddable":true,"href":"https:\/\/melisalopeztranslations.com\/en\/wp-json\/wp\/v2\/product_cat?post=17228811"},{"taxonomy":"product_tag","embeddable":true,"href":"https:\/\/melisalopeztranslations.com\/en\/wp-json\/wp\/v2\/product_tag?post=17228811"}],"curies":[{"name":"wp","href":"https:\/\/api.w.org\/{rel}","templated":true}]}}