{"id":17228813,"date":"2025-11-17T17:59:02","date_gmt":"2025-11-17T17:59:02","guid":{"rendered":"https:\/\/melisalopeztranslations.com\/?post_type=product&#038;p=17228813"},"modified":"2025-11-17T18:55:32","modified_gmt":"2025-11-17T18:55:32","slug":"translation-pack-paquete-de-traduccion-expres","status":"publish","type":"product","link":"https:\/\/melisalopeztranslations.com\/en\/product\/translation-pack-paquete-de-traduccion-expres\/","title":{"rendered":"Translation Pack \/ Translation Pack (express)"},"content":{"rendered":"<p>Paquete con <strong>descuento<\/strong> para traducciones de <strong>10 o m\u00e1s p\u00e1ginas (de hasta 250 palabras).<\/strong><\/p>\n<p>Traducci\u00f3n de espa\u00f1ol a ingl\u00e9s \/ ingl\u00e9s a espa\u00f1ol realizada por traductores certificados con sello NAATI (certificaci\u00f3n, nombre y n\u00famero de registro profesional, datos de vencimientos de certificaci\u00f3n y dem\u00e1s datos relevantes) de cualquier tipo de documento (legal, laboral, acad\u00e9mico, de salud, etc.).<\/p>\n<p><strong>*Cantidad:<\/strong> Ingresa 1 por cada documento que necesitas traducir. <strong><u>M\u00cdNIMO: 10 P\u00c1GINAS<\/u><\/strong>.<\/p>\n<p>[*Si no seleccionaste la cantidad necesaria, nos comunicaremos contigo para solicitar el pago de las p\u00e1ginas adicionales.]<\/p>\n<p><strong>Entrega: <\/strong>3-4 d\u00edas laborables. (Confirmar con el equipo antes de proceder.)<\/p>\n<p>Si tienes dudas sobre este servicio, puedes solicitarnos una cotizaci\u00f3n a <a href=\"mailto:hello@melisalopeztranslations.com\"><span style=\"color: #1A3066;\"><strong>hello@melisalopeztranslations.com<\/strong><\/span><\/a>.<\/p>\n","protected":false},"excerpt":{"rendered":"<p>Paquete con descuento para traducciones de 10 o m\u00e1s p\u00e1ginas (de hasta 250 palabras). Traducci\u00f3n de espa\u00f1ol a ingl\u00e9s \/ ingl\u00e9s a espa\u00f1ol realizada por traductores certificados con sello NAATI (certificaci\u00f3n, nombre y n\u00famero de registro profesional, datos de vencimientos de certificaci\u00f3n y dem\u00e1s datos relevantes) de cualquier tipo de documento (legal, laboral, acad\u00e9mico, de [&hellip;]<\/p>\n","protected":false},"featured_media":17228804,"comment_status":"open","ping_status":"closed","template":"","meta":{"_acf_changed":false,"_et_pb_use_builder":"","_et_pb_old_content":"","_et_gb_content_width":""},"product_brand":[],"product_cat":[26],"product_tag":[],"class_list":{"0":"post-17228813","1":"product","2":"type-product","3":"status-publish","4":"has-post-thumbnail","6":"product_cat-traducciones","8":"first","9":"instock","10":"virtual","11":"purchasable","12":"product-type-simple"},"aioseo_notices":[],"acf":[],"jetpack_sharing_enabled":true,"_links":{"self":[{"href":"https:\/\/melisalopeztranslations.com\/en\/wp-json\/wp\/v2\/product\/17228813","targetHints":{"allow":["GET"]}}],"collection":[{"href":"https:\/\/melisalopeztranslations.com\/en\/wp-json\/wp\/v2\/product"}],"about":[{"href":"https:\/\/melisalopeztranslations.com\/en\/wp-json\/wp\/v2\/types\/product"}],"replies":[{"embeddable":true,"href":"https:\/\/melisalopeztranslations.com\/en\/wp-json\/wp\/v2\/comments?post=17228813"}],"wp:featuredmedia":[{"embeddable":true,"href":"https:\/\/melisalopeztranslations.com\/en\/wp-json\/wp\/v2\/media\/17228804"}],"wp:attachment":[{"href":"https:\/\/melisalopeztranslations.com\/en\/wp-json\/wp\/v2\/media?parent=17228813"}],"wp:term":[{"taxonomy":"product_brand","embeddable":true,"href":"https:\/\/melisalopeztranslations.com\/en\/wp-json\/wp\/v2\/product_brand?post=17228813"},{"taxonomy":"product_cat","embeddable":true,"href":"https:\/\/melisalopeztranslations.com\/en\/wp-json\/wp\/v2\/product_cat?post=17228813"},{"taxonomy":"product_tag","embeddable":true,"href":"https:\/\/melisalopeztranslations.com\/en\/wp-json\/wp\/v2\/product_tag?post=17228813"}],"curies":[{"name":"wp","href":"https:\/\/api.w.org\/{rel}","templated":true}]}}