{"id":17228815,"date":"2025-11-17T18:01:23","date_gmt":"2025-11-17T18:01:23","guid":{"rendered":"https:\/\/melisalopeztranslations.com\/?post_type=product&#038;p=17228815"},"modified":"2025-11-26T10:39:29","modified_gmt":"2025-11-26T10:39:29","slug":"ccl-basic","status":"publish","type":"product","link":"https:\/\/melisalopeztranslations.com\/en\/product\/ccl-basic\/","title":{"rendered":"CCL Basic"},"content":{"rendered":"<p><strong>\u00bfTe gusta estudiar por tu cuenta? <\/strong><\/p>\n<p>Entonces esta modalidad es para ti. Solo incluye el material de pr\u00e1ctica completo para estudio autoguiado.<\/p>\n<p>Acceso a una plataforma de pr\u00e1ctica con:<\/p>\n<ul>\n<li>Di\u00e1logos de pr\u00e1ctica grabados con transcripciones<\/li>\n<li>Vocabulario en ingl\u00e9s y espa\u00f1ol de cada tema.<\/li>\n<li>Recursos adicionales sobre toma de nota en interpretaci\u00f3n<\/li>\n<li>Explicaciones detalladas y secretos del examen<\/li>\n<li>1 Mock Test [Sin calificaci\u00f3n del resultado]<\/li>\n<\/ul>\n<p>Si tienes dudas sobre este servicio, escr\u00edbenos a <a href=\"mailto:training@melisalopeztranslations.com\"><span style=\"color: #1a3066;\"><strong>training@melisalopeztranslations.com<\/strong><\/span><\/a>.<\/p>\n<p><strong>\u00bfNo sabes qu\u00e9 modalidad elegir?<\/strong><\/p>\n<p>Agenda una <strong>llamada<\/strong> de asesoramiento gratuita de 15 minutos conmigo y te ayudo a decidir cu\u00e1l se adapta mejor a ti.<\/p>\n<a href='https:\/\/calendly.com\/melisalopeztranslations\/call' class='small-button smallblueboton-rosa' target=\"_blank\">Quiero mi llamada<\/a>\n","protected":false},"excerpt":{"rendered":"<p>\u00bfTe gusta estudiar por tu cuenta? Entonces esta modalidad es para ti. Solo incluye el material de pr\u00e1ctica completo para estudio autoguiado. Acceso a una plataforma de pr\u00e1ctica con: Di\u00e1logos de pr\u00e1ctica grabados con transcripciones Vocabulario en ingl\u00e9s y espa\u00f1ol de cada tema. Recursos adicionales sobre toma de nota en interpretaci\u00f3n Explicaciones detalladas y secretos [&hellip;]<\/p>\n","protected":false},"featured_media":17228970,"comment_status":"open","ping_status":"closed","template":"","meta":{"_acf_changed":false,"_et_pb_use_builder":"on","_et_pb_old_content":"<strong>\u00bfTe gusta estudiar por tu cuenta? <\/strong>\r\n\r\nEntonces esta modalidad es para ti. Solo incluye el material de pr\u00e1ctica completo para estudio autoguiado.\r\n\r\nAcceso a una plataforma de pr\u00e1ctica con:\r\n<ul>\r\n \t<li>Di\u00e1logos de pr\u00e1ctica grabados con transcripciones<\/li>\r\n \t<li>Vocabulario en ingl\u00e9s y espa\u00f1ol de cada tema.<\/li>\r\n \t<li>Recursos adicionales sobre toma de nota en interpretaci\u00f3n<\/li>\r\n \t<li>Explicaciones detalladas y secretos del examen<\/li>\r\n \t<li>1 Mock Test [Sin calificaci\u00f3n del resultado]<\/li>\r\n<\/ul>\r\nSi tienes dudas sobre este servicio, escr\u00edbenos a <a href=\"mailto:training@melisalopeztranslations.com\"><span style=\"color: #1a3066;\"><strong>training@melisalopeztranslations.com<\/strong><\/span><\/a>.\r\n\r\n<strong>\u00bfNo sabes qu\u00e9 modalidad elegir?<\/strong>\r\n\r\nAgenda una <strong>llamada<\/strong> de asesoramiento gratuita de 15 minutos conmigo y te ayudo a decidir cu\u00e1l se adapta mejor a ti.\r\n\r\n[button class=\"boton-rosa\" link=\"https:\/\/calendly.com\/melisalopeztranslations\/call\" newwindow=\"yes\"] Quiero mi llamada[\/button]","_et_gb_content_width":""},"product_brand":[],"product_cat":[27],"product_tag":[],"class_list":{"0":"post-17228815","1":"product","2":"type-product","3":"status-publish","4":"has-post-thumbnail","6":"product_cat-capacitaciones","8":"first","9":"instock","10":"virtual","11":"purchasable","12":"product-type-simple"},"aioseo_notices":[],"acf":[],"jetpack_sharing_enabled":true,"_links":{"self":[{"href":"https:\/\/melisalopeztranslations.com\/en\/wp-json\/wp\/v2\/product\/17228815","targetHints":{"allow":["GET"]}}],"collection":[{"href":"https:\/\/melisalopeztranslations.com\/en\/wp-json\/wp\/v2\/product"}],"about":[{"href":"https:\/\/melisalopeztranslations.com\/en\/wp-json\/wp\/v2\/types\/product"}],"replies":[{"embeddable":true,"href":"https:\/\/melisalopeztranslations.com\/en\/wp-json\/wp\/v2\/comments?post=17228815"}],"wp:featuredmedia":[{"embeddable":true,"href":"https:\/\/melisalopeztranslations.com\/en\/wp-json\/wp\/v2\/media\/17228970"}],"wp:attachment":[{"href":"https:\/\/melisalopeztranslations.com\/en\/wp-json\/wp\/v2\/media?parent=17228815"}],"wp:term":[{"taxonomy":"product_brand","embeddable":true,"href":"https:\/\/melisalopeztranslations.com\/en\/wp-json\/wp\/v2\/product_brand?post=17228815"},{"taxonomy":"product_cat","embeddable":true,"href":"https:\/\/melisalopeztranslations.com\/en\/wp-json\/wp\/v2\/product_cat?post=17228815"},{"taxonomy":"product_tag","embeddable":true,"href":"https:\/\/melisalopeztranslations.com\/en\/wp-json\/wp\/v2\/product_tag?post=17228815"}],"curies":[{"name":"wp","href":"https:\/\/api.w.org\/{rel}","templated":true}]}}