{"id":17228816,"date":"2025-11-17T18:03:04","date_gmt":"2025-11-17T18:03:04","guid":{"rendered":"https:\/\/melisalopeztranslations.com\/?post_type=product&#038;p=17228816"},"modified":"2025-11-26T10:39:27","modified_gmt":"2025-11-26T10:39:27","slug":"ccl-standar","status":"publish","type":"product","link":"https:\/\/melisalopeztranslations.com\/en\/product\/ccl-standar\/","title":{"rendered":"CCL Standard [RECOMENDADO]"},"content":{"rendered":"<p><strong>Do you need someone to guide you?<\/strong><\/p>\n<p>In this modality you have my support and receive my recommendations and feedback.<\/p>\n<p class=\"translation-block\"><strong>3 hours of private and personalised classes<\/strong> through Google Meet.<\/p>\n<p>Access to a practice platform with everything included in the <em>Basic<\/em> package plus:<\/p>\n<ul>\n<li>Additional practices (not on the platform).<\/li>\n<li>2 Mock Tests (WITH grading and feedback)<\/li>\n<\/ul>\n<p>If you have any doubts about this service, please write to <a href=\"mailto:training@melisalopeztranslations.com\"><strong><span style=\"color: #1a3066;\">training@melisalopeztranslations.com<\/span><\/strong><\/a>.<\/p>\n<p><strong>Not sure which modality to choose?<\/strong><\/p>\n<p class=\"translation-block\">Schedule a free 15-minute counselling <strong>call<\/strong>  with me and I will help you decide which one suits you best.<\/p>\n<a href='https:\/\/calendly.com\/melisalopeztranslations\/call' class='small-button smallblueboton-rosa' target=\"_blank\">I want my call<\/a>","protected":false},"excerpt":{"rendered":"<p>\u00bfNecesitas que alguien te gu\u00ede? En esta modalidad cuentas con mi apoyo y recibes mis recomendaciones y comentarios. 3 horas de clases privadas y personalizadas a trav\u00e9s de Google Meet Acceso a una plataforma de pr\u00e1ctica con todo lo incluido en el paquete Basic m\u00e1s: Pr\u00e1cticas adicionales (no est\u00e1n en la plataforma) 2 Mock Tests [&hellip;]<\/p>\n","protected":false},"featured_media":17228969,"comment_status":"open","ping_status":"closed","template":"","meta":{"_acf_changed":false,"_et_pb_use_builder":"","_et_pb_old_content":"","_et_gb_content_width":""},"product_brand":[],"product_cat":[27],"product_tag":[],"class_list":{"0":"post-17228816","1":"product","2":"type-product","3":"status-publish","4":"has-post-thumbnail","6":"product_cat-capacitaciones","8":"first","9":"instock","10":"virtual","11":"purchasable","12":"product-type-simple"},"aioseo_notices":[],"acf":[],"jetpack_sharing_enabled":true,"_links":{"self":[{"href":"https:\/\/melisalopeztranslations.com\/en\/wp-json\/wp\/v2\/product\/17228816","targetHints":{"allow":["GET"]}}],"collection":[{"href":"https:\/\/melisalopeztranslations.com\/en\/wp-json\/wp\/v2\/product"}],"about":[{"href":"https:\/\/melisalopeztranslations.com\/en\/wp-json\/wp\/v2\/types\/product"}],"replies":[{"embeddable":true,"href":"https:\/\/melisalopeztranslations.com\/en\/wp-json\/wp\/v2\/comments?post=17228816"}],"wp:featuredmedia":[{"embeddable":true,"href":"https:\/\/melisalopeztranslations.com\/en\/wp-json\/wp\/v2\/media\/17228969"}],"wp:attachment":[{"href":"https:\/\/melisalopeztranslations.com\/en\/wp-json\/wp\/v2\/media?parent=17228816"}],"wp:term":[{"taxonomy":"product_brand","embeddable":true,"href":"https:\/\/melisalopeztranslations.com\/en\/wp-json\/wp\/v2\/product_brand?post=17228816"},{"taxonomy":"product_cat","embeddable":true,"href":"https:\/\/melisalopeztranslations.com\/en\/wp-json\/wp\/v2\/product_cat?post=17228816"},{"taxonomy":"product_tag","embeddable":true,"href":"https:\/\/melisalopeztranslations.com\/en\/wp-json\/wp\/v2\/product_tag?post=17228816"}],"curies":[{"name":"wp","href":"https:\/\/api.w.org\/{rel}","templated":true}]}}