{"id":17228817,"date":"2025-11-17T18:03:05","date_gmt":"2025-11-17T18:03:05","guid":{"rendered":"https:\/\/melisalopeztranslations.com\/?post_type=product&#038;p=17228817"},"modified":"2025-11-26T10:38:04","modified_gmt":"2025-11-26T10:38:04","slug":"ccl-full","status":"publish","type":"product","link":"https:\/\/melisalopeztranslations.com\/en\/product\/ccl-full\/","title":{"rendered":"CCL Full"},"content":{"rendered":"<p><strong>Think you need more practice?<\/strong><\/p>\n<p>This course is designed for people who want to add more practice hours to face the exam with more confidence.<\/p>\n<p><strong>5 hours of one-on-one private lessons<\/strong> via Google Meet<\/p>\n<p>Access to a practice platform with everything included in the <em>Basic<\/em> package plus:<\/p>\n<ul>\n<li>Additional practices (not on the platform).<\/li>\n<li>2 Mock Tests (WITH grading and feedback)<\/li>\n<\/ul>\n<p>If you have any doubts about this service, please write to <a href=\"mailto:training@melisalopeztranslations.com\"><span style=\"color: #1a3066;\"><strong>training@melisalopeztranslations.com<\/strong><\/span><\/a>.<\/p>\n<p><strong>Not sure which modality to choose?<\/strong><\/p>\n<p class=\"translation-block\">Schedule a free 15-minute counselling <strong>call<\/strong>  with me and I will help you decide which one suits you best.<\/p>\n<a href='https:\/\/calendly.com\/melisalopeztranslations\/call' class='small-button smallblueboton-rosa' target=\"_blank\">I want my call<\/a>","protected":false},"excerpt":{"rendered":"<p>\u00bfCrees que necesitas m\u00e1s pr\u00e1ctica? Esta modalidad est\u00e1 dise\u00f1ada para las personas que quieran sumar m\u00e1s horas de pr\u00e1ctica para enfrentarse al examen con m\u00e1s confianza. 5 horas de clases privadas y personalizadas a trav\u00e9s de Google Meet Acceso a una plataforma de pr\u00e1ctica con todo lo incluido en el paquete Basic m\u00e1s: Pr\u00e1cticas adicionales [&hellip;]<\/p>\n","protected":false},"featured_media":17228971,"comment_status":"open","ping_status":"closed","template":"","meta":{"_acf_changed":false,"_et_pb_use_builder":"","_et_pb_old_content":"","_et_gb_content_width":""},"product_brand":[],"product_cat":[27],"product_tag":[],"class_list":{"0":"post-17228817","1":"product","2":"type-product","3":"status-publish","4":"has-post-thumbnail","6":"product_cat-capacitaciones","8":"first","9":"instock","10":"virtual","11":"purchasable","12":"product-type-simple"},"aioseo_notices":[],"acf":[],"jetpack_sharing_enabled":true,"_links":{"self":[{"href":"https:\/\/melisalopeztranslations.com\/en\/wp-json\/wp\/v2\/product\/17228817","targetHints":{"allow":["GET"]}}],"collection":[{"href":"https:\/\/melisalopeztranslations.com\/en\/wp-json\/wp\/v2\/product"}],"about":[{"href":"https:\/\/melisalopeztranslations.com\/en\/wp-json\/wp\/v2\/types\/product"}],"replies":[{"embeddable":true,"href":"https:\/\/melisalopeztranslations.com\/en\/wp-json\/wp\/v2\/comments?post=17228817"}],"wp:featuredmedia":[{"embeddable":true,"href":"https:\/\/melisalopeztranslations.com\/en\/wp-json\/wp\/v2\/media\/17228971"}],"wp:attachment":[{"href":"https:\/\/melisalopeztranslations.com\/en\/wp-json\/wp\/v2\/media?parent=17228817"}],"wp:term":[{"taxonomy":"product_brand","embeddable":true,"href":"https:\/\/melisalopeztranslations.com\/en\/wp-json\/wp\/v2\/product_brand?post=17228817"},{"taxonomy":"product_cat","embeddable":true,"href":"https:\/\/melisalopeztranslations.com\/en\/wp-json\/wp\/v2\/product_cat?post=17228817"},{"taxonomy":"product_tag","embeddable":true,"href":"https:\/\/melisalopeztranslations.com\/en\/wp-json\/wp\/v2\/product_tag?post=17228817"}],"curies":[{"name":"wp","href":"https:\/\/api.w.org\/{rel}","templated":true}]}}