{"id":17228818,"date":"2025-11-17T18:06:31","date_gmt":"2025-11-17T18:06:31","guid":{"rendered":"https:\/\/melisalopeztranslations.com\/?post_type=product&#038;p=17228818"},"modified":"2025-11-26T10:43:06","modified_gmt":"2025-11-26T10:43:06","slug":"certified-translator-basic","status":"publish","type":"product","link":"https:\/\/melisalopeztranslations.com\/en\/product\/certified-translator-basic\/","title":{"rendered":"Certified Translator - Basic"},"content":{"rendered":"<p><strong>Ideal if you prefer to study at your own pace.<\/strong><\/p>\n<p>Includes full access to a practice platform with:<\/p>\n<ul>\n<li>Complete Exam Introduction Guide.<\/li>\n<li>List of common errors in Spanish \/ English.<\/li>\n<li>NAATI Mock Exam Guide.<\/li>\n<li>Guided Practice Texts.<\/li>\n<li>Autonomous practice texts.<\/li>\n<li>Review texts.<\/li>\n<li>Glossaries \/ Dictionaries<\/li>\n<li>Complete guide: \"First steps as a NAATI translator\".<\/li>\n<\/ul>\n<p><strong>INDICATE IN THE NOTES WHICH EXAM YOU ARE GOING TO TAKE:<\/strong><\/p>\n<ol>\n<li>English to Spanish<\/li>\n<li>Spanish to English<\/li>\n<\/ol>\n<p><strong><u>Special bonus!<\/u><\/strong><\/p>\n<p class=\"translation-block\">Remember that English and Spanish are two different exams with different theory and practice. That's why when you take a training course with me for your first exam, you get a <strong>30% discount<\/strong> on the second course.<\/p>\n<p><strong>Discount code: <span style=\"color: #1a3066;\">TRANSLATOR30<\/span><\/strong><\/p>\n<p>If you have any doubts about this service, please write to <span style=\"color: #1a3066;\"><strong><a style=\"color: #1a3066;\" href=\"mailto:training@melisalopeztranslations.com\">training@melisalopeztranslations.com<\/a><\/strong><\/span>.<\/p>\n<p><strong>Not sure which modality to choose?<\/strong><\/p>\n<p class=\"translation-block\">Schedule a free 15-minute counselling <strong>call<\/strong>  with me and I will help you decide which one suits you best.<\/p>\n<a href='https:\/\/calendly.com\/melisalopeztranslations\/call' class='small-button smallblueboton-rosa' target=\"_blank\">I want my call<\/a>","protected":false},"excerpt":{"rendered":"<p>Ideal si prefieres estudiar a tu ritmo. Incluye acceso completo a una plataforma de pr\u00e1ctica con: Gu\u00eda Completa de Introducci\u00f3n al Examen. Listado de errores comunes en espa\u00f1ol \/ ingl\u00e9s. Gu\u00eda NAATI de ex\u00e1menes de prueba. Textos de pr\u00e1ctica guiados Textos de pr\u00e1ctica aut\u00f3noma. Textos de revisiones. Glosarios \/ Diccionarios Gu\u00eda Completa: \u201cPrimeros pasos como [&hellip;]<\/p>\n","protected":false},"featured_media":17228972,"comment_status":"open","ping_status":"closed","template":"","meta":{"_acf_changed":false,"_et_pb_use_builder":"","_et_pb_old_content":"","_et_gb_content_width":""},"product_brand":[],"product_cat":[27],"product_tag":[],"class_list":{"0":"post-17228818","1":"product","2":"type-product","3":"status-publish","4":"has-post-thumbnail","6":"product_cat-capacitaciones","8":"first","9":"instock","10":"virtual","11":"purchasable","12":"product-type-simple"},"aioseo_notices":[],"acf":[],"jetpack_sharing_enabled":true,"_links":{"self":[{"href":"https:\/\/melisalopeztranslations.com\/en\/wp-json\/wp\/v2\/product\/17228818","targetHints":{"allow":["GET"]}}],"collection":[{"href":"https:\/\/melisalopeztranslations.com\/en\/wp-json\/wp\/v2\/product"}],"about":[{"href":"https:\/\/melisalopeztranslations.com\/en\/wp-json\/wp\/v2\/types\/product"}],"replies":[{"embeddable":true,"href":"https:\/\/melisalopeztranslations.com\/en\/wp-json\/wp\/v2\/comments?post=17228818"}],"wp:featuredmedia":[{"embeddable":true,"href":"https:\/\/melisalopeztranslations.com\/en\/wp-json\/wp\/v2\/media\/17228972"}],"wp:attachment":[{"href":"https:\/\/melisalopeztranslations.com\/en\/wp-json\/wp\/v2\/media?parent=17228818"}],"wp:term":[{"taxonomy":"product_brand","embeddable":true,"href":"https:\/\/melisalopeztranslations.com\/en\/wp-json\/wp\/v2\/product_brand?post=17228818"},{"taxonomy":"product_cat","embeddable":true,"href":"https:\/\/melisalopeztranslations.com\/en\/wp-json\/wp\/v2\/product_cat?post=17228818"},{"taxonomy":"product_tag","embeddable":true,"href":"https:\/\/melisalopeztranslations.com\/en\/wp-json\/wp\/v2\/product_tag?post=17228818"}],"curies":[{"name":"wp","href":"https:\/\/api.w.org\/{rel}","templated":true}]}}