{"id":17228830,"date":"2025-11-17T19:01:12","date_gmt":"2025-11-17T19:01:12","guid":{"rendered":"https:\/\/melisalopeztranslations.com\/?post_type=product&#038;p=17228830"},"modified":"2025-11-26T10:37:17","modified_gmt":"2025-11-26T10:37:17","slug":"certified-translator-full","status":"publish","type":"product","link":"https:\/\/melisalopeztranslations.com\/en\/product\/certified-translator-full\/","title":{"rendered":"Certified Translator \u2013 Full [RECOMENDADO]"},"content":{"rendered":"<p><strong>Ideal if you need guidance, <em>feedback<\/em> and direct follow-up with me.<\/strong><\/p>\n<p>Includes all the material of the \"Self-training\" plan plus the following:<\/p>\n<ul>\n<li>5 personalised virtual meetings.<\/li>\n<li>Emphasis on correction of practice and simulations.<\/li>\n<li>Individual advice adapted to your progress.<\/li>\n<\/ul>\n<p><strong>INDICATE IN THE NOTES WHICH EXAM YOU ARE GOING TO TAKE:<\/strong><\/p>\n<ol>\n<li>English to Spanish<\/li>\n<li>Spanish to English<\/li>\n<\/ol>\n<p><strong><u>Special bonus!<\/u><\/strong><\/p>\n<p class=\"translation-block\">Remember that English and Spanish are two different exams with different theory and practice. That's why when you take a training course with me for your first exam, you get a <strong>30% discount<\/strong> on the second course.<\/p>\n<p><strong>Discount code: <span style=\"color: #1a3066;\">TRANSLATOR30<\/span><\/strong><\/p>\n<p>If you have any doubts about this service, please write to <span style=\"color: #1a3066;\"><strong><a style=\"color: #1a3066;\" href=\"mailto:training@melisalopeztranslations.com\">training@melisalopeztranslations.com<\/a><\/strong><\/span>.<\/p>\n<p><strong>Not sure which modality to choose?<\/strong><\/p>\n<p class=\"translation-block\">Schedule a free 15-minute counselling <strong>call<\/strong>  with me and I will help you decide which one suits you best.<\/p>\n<a href='https:\/\/calendly.com\/melisalopeztranslations\/call' class='small-button smallblueboton-rosa' target=\"_blank\">I want my call<\/a>","protected":false},"excerpt":{"rendered":"<p>Ideal si necesitas gu\u00eda, feedback y seguimiento directo conmigo. Incluye todo el material del plan \u201cSelf-training\u201d m\u00e1s lo siguiente: 5 encuentros virtuales personalizados. \u00c9nfasis en correcci\u00f3n de pr\u00e1cticas y simulacros. Asesoramiento individual adaptado a tu progreso. INDICA EN LAS NOTAS QU\u00c9 EXAMEN VAS A REALIZAR: Ingl\u00e9s a espa\u00f1ol Espa\u00f1ol a ingl\u00e9s \u00a1Bonificaci\u00f3n especial! Recuerda que [&hellip;]<\/p>\n","protected":false},"featured_media":17228973,"comment_status":"open","ping_status":"closed","template":"","meta":{"_acf_changed":false,"_et_pb_use_builder":"","_et_pb_old_content":"","_et_gb_content_width":""},"product_brand":[],"product_cat":[27],"product_tag":[],"class_list":{"0":"post-17228830","1":"product","2":"type-product","3":"status-publish","4":"has-post-thumbnail","6":"product_cat-capacitaciones","8":"first","9":"instock","10":"virtual","11":"purchasable","12":"product-type-simple"},"aioseo_notices":[],"acf":[],"jetpack_sharing_enabled":true,"_links":{"self":[{"href":"https:\/\/melisalopeztranslations.com\/en\/wp-json\/wp\/v2\/product\/17228830","targetHints":{"allow":["GET"]}}],"collection":[{"href":"https:\/\/melisalopeztranslations.com\/en\/wp-json\/wp\/v2\/product"}],"about":[{"href":"https:\/\/melisalopeztranslations.com\/en\/wp-json\/wp\/v2\/types\/product"}],"replies":[{"embeddable":true,"href":"https:\/\/melisalopeztranslations.com\/en\/wp-json\/wp\/v2\/comments?post=17228830"}],"wp:featuredmedia":[{"embeddable":true,"href":"https:\/\/melisalopeztranslations.com\/en\/wp-json\/wp\/v2\/media\/17228973"}],"wp:attachment":[{"href":"https:\/\/melisalopeztranslations.com\/en\/wp-json\/wp\/v2\/media?parent=17228830"}],"wp:term":[{"taxonomy":"product_brand","embeddable":true,"href":"https:\/\/melisalopeztranslations.com\/en\/wp-json\/wp\/v2\/product_brand?post=17228830"},{"taxonomy":"product_cat","embeddable":true,"href":"https:\/\/melisalopeztranslations.com\/en\/wp-json\/wp\/v2\/product_cat?post=17228830"},{"taxonomy":"product_tag","embeddable":true,"href":"https:\/\/melisalopeztranslations.com\/en\/wp-json\/wp\/v2\/product_tag?post=17228830"}],"curies":[{"name":"wp","href":"https:\/\/api.w.org\/{rel}","templated":true}]}}