{"id":974,"date":"2024-11-16T06:18:25","date_gmt":"2024-11-16T06:18:25","guid":{"rendered":"https:\/\/melisalopeztranslations.com\/?post_type=product&#038;p=974"},"modified":"2025-11-17T18:52:45","modified_gmt":"2025-11-17T18:52:45","slug":"traduccion-regular-regular-translation-estandar","status":"publish","type":"product","link":"https:\/\/melisalopeztranslations.com\/en\/product\/traduccion-regular-regular-translation-estandar\/","title":{"rendered":"Regular Translation\/ Traducci\u00f3n regular (standard)"},"content":{"rendered":"<p><strong>P\u00e1gina de traducci\u00f3n (de hasta 250 palabras)<\/strong> espa\u00f1ol a ingl\u00e9s \/ ingl\u00e9s a espa\u00f1ol realizada por traductores certificados con sello NAATI (certificaci\u00f3n, nombre y n\u00famero de registro profesional, datos de vencimientos de certificaci\u00f3n y dem\u00e1s datos relevantes) de los siguientes documentos:<\/p>\n<p><strong>Acad\u00e9micos: <\/strong>Diplomas universitarios, de educaci\u00f3n secundaria, cursos y formaciones, certificado de estudios, cartas de certificaci\u00f3n de la universidad, escuela secundaria. Carta de certificaci\u00f3n, certificado de alumno regular, matr\u00edculas, etc.<\/p>\n<p><strong>Personales: <\/strong>Certificados de nacimiento, defunci\u00f3n, matrimonio, policiales y apostillas,\u00a0informes m\u00e9dicos, seguro de salud, registro del autom\u00f3vil, declaraciones juradas.<\/p>\n<p><strong>Profesionales: <\/strong>cartas de recomendaci\u00f3n laboral, certificado de empleo, contratos, aportes a la seguridad social, impuestos, etc.<\/p>\n<p><strong>*Cantidad:<\/strong> Ingresa 1 por cada p\u00e1gina de 250 palabras que necesitas traducir. [*Si no seleccionaste la cantidad necesaria, nos comunicaremos contigo para solicitar el pago de las p\u00e1ginas adicionales.]<\/p>\n<p><strong>Entrega: <\/strong>Est\u00e1ndar de 2 a 4 d\u00edas h\u00e1biles.<\/p>\n<p>Si tienes dudas sobre este servicio, puedes solicitarnos una cotizaci\u00f3n a <span style=\"color: #1A3066;\"><strong><a style=\"color: #1A3066;\" href=\"mailto:hello@melisalopeztranslations.com\">hello@melisalopeztranslations.com<\/a><\/strong><\/span>.<\/p>\n","protected":false},"excerpt":{"rendered":"<p>P\u00e1gina de traducci\u00f3n (de hasta 250 palabras) espa\u00f1ol a ingl\u00e9s \/ ingl\u00e9s a espa\u00f1ol realizada por traductores certificados con sello NAATI (certificaci\u00f3n, nombre y n\u00famero de registro profesional, datos de vencimientos de certificaci\u00f3n y dem\u00e1s datos relevantes) de los siguientes documentos: Acad\u00e9micos: Diplomas universitarios, de educaci\u00f3n secundaria, cursos y formaciones, certificado de estudios, cartas de [&hellip;]<\/p>\n","protected":false},"featured_media":17228803,"comment_status":"open","ping_status":"closed","template":"","meta":{"_acf_changed":false,"_et_pb_use_builder":"","_et_pb_old_content":"","_et_gb_content_width":""},"product_brand":[],"product_cat":[26],"product_tag":[],"class_list":{"0":"post-974","1":"product","2":"type-product","3":"status-publish","4":"has-post-thumbnail","6":"product_cat-traducciones","8":"first","9":"instock","10":"virtual","11":"purchasable","12":"product-type-simple"},"aioseo_notices":[],"acf":[],"jetpack_sharing_enabled":true,"_links":{"self":[{"href":"https:\/\/melisalopeztranslations.com\/en\/wp-json\/wp\/v2\/product\/974","targetHints":{"allow":["GET"]}}],"collection":[{"href":"https:\/\/melisalopeztranslations.com\/en\/wp-json\/wp\/v2\/product"}],"about":[{"href":"https:\/\/melisalopeztranslations.com\/en\/wp-json\/wp\/v2\/types\/product"}],"replies":[{"embeddable":true,"href":"https:\/\/melisalopeztranslations.com\/en\/wp-json\/wp\/v2\/comments?post=974"}],"wp:featuredmedia":[{"embeddable":true,"href":"https:\/\/melisalopeztranslations.com\/en\/wp-json\/wp\/v2\/media\/17228803"}],"wp:attachment":[{"href":"https:\/\/melisalopeztranslations.com\/en\/wp-json\/wp\/v2\/media?parent=974"}],"wp:term":[{"taxonomy":"product_brand","embeddable":true,"href":"https:\/\/melisalopeztranslations.com\/en\/wp-json\/wp\/v2\/product_brand?post=974"},{"taxonomy":"product_cat","embeddable":true,"href":"https:\/\/melisalopeztranslations.com\/en\/wp-json\/wp\/v2\/product_cat?post=974"},{"taxonomy":"product_tag","embeddable":true,"href":"https:\/\/melisalopeztranslations.com\/en\/wp-json\/wp\/v2\/product_tag?post=974"}],"curies":[{"name":"wp","href":"https:\/\/api.w.org\/{rel}","templated":true}]}}