{"id":978,"date":"2024-11-16T06:27:05","date_gmt":"2024-11-16T06:27:05","guid":{"rendered":"https:\/\/melisalopeztranslations.com\/?post_type=product&#038;p=978"},"modified":"2025-11-19T08:58:24","modified_gmt":"2025-11-19T08:58:24","slug":"licencia-de-conducir-driver-licence-estandar","status":"publish","type":"product","link":"https:\/\/melisalopeztranslations.com\/en\/product\/licencia-de-conducir-driver-licence-estandar\/","title":{"rendered":"Driver Licence \/ Licencia de Conducir (standard)"},"content":{"rendered":"<p><strong>Traducci\u00f3n<\/strong> de espa\u00f1ol a ingl\u00e9s \/ ingl\u00e9s a espa\u00f1ol realizada por traductores certificados con sello NAATI (certificaci\u00f3n, nombre y n\u00famero de registro profesional, datos de vencimiento de certificaci\u00f3n y dem\u00e1s datos relevantes) <strong>de licencias de conducir de cualquier pa\u00eds.<\/strong><\/p>\n<p><strong>*Cantidad:<\/strong> Ingresa 1 por cada p\u00e1gina de 250 palabras que necesites traducir.<\/p>\n<p>[*Si no seleccionaste la cantidad necesaria, nos comunicaremos contigo para solicitar el pago de las p\u00e1ginas adicionales.]<\/p>\n<p><strong>Entrega: <\/strong>Est\u00e1ndar de 2 a 4 d\u00edas h\u00e1biles.<\/p>\n<p>Si tienes dudas sobre este servicio, puedes solicitarnos una cotizaci\u00f3n a <strong><a href=\"mailto:hello@melisalopeztranslations.com\"><span style=\"color: #1a3066;\">hello@melisalopeztranslations.com<\/span><\/a><\/strong>.<\/p>\n","protected":false},"excerpt":{"rendered":"<p>Traducci\u00f3n de espa\u00f1ol a ingl\u00e9s \/ ingl\u00e9s a espa\u00f1ol realizada por traductores certificados con sello NAATI (certificaci\u00f3n, nombre y n\u00famero de registro profesional, datos de vencimiento de certificaci\u00f3n y dem\u00e1s datos relevantes) de licencias de conducir de cualquier pa\u00eds. *Cantidad: Ingresa 1 por cada p\u00e1gina de 250 palabras que necesites traducir. [*Si no seleccionaste la [&hellip;]<\/p>\n","protected":false},"featured_media":17228799,"comment_status":"open","ping_status":"closed","template":"","meta":{"_acf_changed":false,"_et_pb_use_builder":"","_et_pb_old_content":"","_et_gb_content_width":""},"product_brand":[],"product_cat":[26],"product_tag":[],"class_list":{"0":"post-978","1":"product","2":"type-product","3":"status-publish","4":"has-post-thumbnail","6":"product_cat-traducciones","8":"first","9":"instock","10":"virtual","11":"purchasable","12":"product-type-simple"},"aioseo_notices":[],"acf":[],"jetpack_sharing_enabled":true,"_links":{"self":[{"href":"https:\/\/melisalopeztranslations.com\/en\/wp-json\/wp\/v2\/product\/978","targetHints":{"allow":["GET"]}}],"collection":[{"href":"https:\/\/melisalopeztranslations.com\/en\/wp-json\/wp\/v2\/product"}],"about":[{"href":"https:\/\/melisalopeztranslations.com\/en\/wp-json\/wp\/v2\/types\/product"}],"replies":[{"embeddable":true,"href":"https:\/\/melisalopeztranslations.com\/en\/wp-json\/wp\/v2\/comments?post=978"}],"wp:featuredmedia":[{"embeddable":true,"href":"https:\/\/melisalopeztranslations.com\/en\/wp-json\/wp\/v2\/media\/17228799"}],"wp:attachment":[{"href":"https:\/\/melisalopeztranslations.com\/en\/wp-json\/wp\/v2\/media?parent=978"}],"wp:term":[{"taxonomy":"product_brand","embeddable":true,"href":"https:\/\/melisalopeztranslations.com\/en\/wp-json\/wp\/v2\/product_brand?post=978"},{"taxonomy":"product_cat","embeddable":true,"href":"https:\/\/melisalopeztranslations.com\/en\/wp-json\/wp\/v2\/product_cat?post=978"},{"taxonomy":"product_tag","embeddable":true,"href":"https:\/\/melisalopeztranslations.com\/en\/wp-json\/wp\/v2\/product_tag?post=978"}],"curies":[{"name":"wp","href":"https:\/\/api.w.org\/{rel}","templated":true}]}}